{"id":90,"date":"2025-03-12T14:06:00","date_gmt":"2025-03-12T14:06:00","guid":{"rendered":"http:\/\/etms.agu.edu.tr\/?page_id=90"},"modified":"2025-08-25T21:48:41","modified_gmt":"2025-08-25T21:48:41","slug":"scientific-committee","status":"publish","type":"page","link":"http:\/\/etms.agu.edu.tr\/index.php\/about\/scientific-committee\/","title":{"rendered":"Scientific Committee"},"content":{"rendered":"<table border=\"0\" width=\"934\" cellspacing=\"0\" cellpadding=\"0\">\n<colgroup>\n<col width=\"263\" \/>\n<col width=\"671\" \/><\/colgroup>\n<tbody>\n<tr>\n<td class=\"xl63\" width=\"263\" height=\"21\">Adil Oran<\/td>\n<td class=\"xl63\" width=\"671\">Abdullah G\u00fcl University, T\u00fcrkiye<\/td>\n<\/tr>\n<tr>\n<td class=\"xl63\" height=\"21\">Adnan \u00c7orum<\/td>\n<td class=\"xl63\">Bah\u00e7e\u015fehir University, T\u00fcrkiye<\/td>\n<\/tr>\n<tr>\n<td class=\"xl63\" height=\"21\">Ahmet Beskese<\/td>\n<td class=\"xl63\">Bah\u00e7e\u015fehir University, T\u00fcrkiye<\/td>\n<\/tr>\n<tr>\n<td class=\"xl63\" height=\"21\">Ali Fahmi<\/td>\n<td class=\"xl63\">University of Manchester, UK<\/td>\n<\/tr>\n<tr>\n<td class=\"xl63\" height=\"21\">Ali \u0130hsan \u00d6zdemir<\/td>\n<td class=\"xl63\">Wittenborg University of Applied Sciences, Netherlands<\/td>\n<\/tr>\n<tr>\n<td class=\"xl63\" height=\"21\">Alper \u00c7amc\u0131<\/td>\n<td class=\"xl63\">Bah\u00e7e\u015fehir University, T\u00fcrkiye<\/td>\n<\/tr>\n<tr>\n<td class=\"xl63\" height=\"21\">Arzu Karaman Akg\u00fcl<\/td>\n<td class=\"xl63\">Y\u0131ld\u0131z Technical University, T\u00fcrkiye<\/td>\n<\/tr>\n<tr>\n<td class=\"xl63\" height=\"21\">Berna Beyhan<\/td>\n<td class=\"xl63\">Sabanc\u0131 University, T\u00fcrkiye<\/td>\n<\/tr>\n<tr>\n<td class=\"xl63\" height=\"21\">Bersam Bolat<\/td>\n<td class=\"xl63\">\u0130stanbul Technical University, T\u00fcrkiye<\/td>\n<\/tr>\n<tr>\n<td class=\"xl63\" height=\"21\">B\u00fclent Y\u0131lmaz<\/td>\n<td class=\"xl63\">Gulf University for Science &amp; Technology, Kuwait<\/td>\n<\/tr>\n<tr>\n<td class=\"xl63\" height=\"21\">Cengiz Y\u0131lmaz<\/td>\n<td class=\"xl63\">Abdullah G\u00fcl University, T\u00fcrkiye<\/td>\n<\/tr>\n<tr>\n<td class=\"xl63\" height=\"21\">David Bennett<\/td>\n<td class=\"xl63\">Aston University, UK &amp; Chalmers University of Technology, Sweden<\/td>\n<\/tr>\n<tr>\n<td class=\"xl63\" height=\"21\">Dilay \u00c7elebi Gonidis<\/td>\n<td class=\"xl63\">CITY College, University of York Europe Campus, Greece<\/td>\n<\/tr>\n<tr>\n<td class=\"xl63\" height=\"21\">Dilek \u00c7etindamar<\/td>\n<td class=\"xl63\">University of Technology Sydney, Australia<\/td>\n<\/tr>\n<tr>\n<td class=\"xl63\" height=\"21\">Dilek \u00d6zdemir G\u00fcng\u00f6r<\/td>\n<td class=\"xl63\">\u0130zmir Katip \u00c7elebi University, T\u00fcrkiye<\/td>\n<\/tr>\n<tr>\n<td class=\"xl63\" height=\"21\">D\u00fcndar Kocao\u011flu<\/td>\n<td class=\"xl63\">Portland State University, USA (Retired)<\/td>\n<\/tr>\n<tr>\n<td class=\"xl63\" height=\"21\">Elif Karaosmano\u011flu<\/td>\n<td class=\"xl63\">\u0130stanbul Technical University, T\u00fcrkiye<\/td>\n<\/tr>\n<tr>\n<td class=\"xl63\" height=\"21\">Erk Hac\u0131hasano\u011flu<\/td>\n<td class=\"xl63\">Abdullah G\u00fcl University, T\u00fcrkiye<\/td>\n<\/tr>\n<tr>\n<td class=\"xl63\" height=\"21\">Erkan Bayraktar<\/td>\n<td class=\"xl63\">Gulf University for Science &amp; Technology, Kuwait<\/td>\n<\/tr>\n<tr>\n<td class=\"xl63\" height=\"21\">Ethem \u00c7anako\u011flu<\/td>\n<td class=\"xl63\">Bah\u00e7e\u015fehir University, T\u00fcrkiye<\/td>\n<\/tr>\n<tr>\n<td class=\"xl63\" height=\"21\">Evren Mutlug\u00fcn<\/td>\n<td class=\"xl63\">Abdullah G\u00fcl University, T\u00fcrkiye<\/td>\n<\/tr>\n<tr>\n<td class=\"xl63\" height=\"21\">Ey\u00fcp Do\u011fan<\/td>\n<td class=\"xl63\">Abdullah G\u00fcl University, T\u00fcrkiye<\/td>\n<\/tr>\n<tr>\n<td class=\"xl63\" height=\"21\">Farazee Mohammad Abdullah Asif<\/td>\n<td class=\"xl63\">KTH Royal Institute of Technology, Sweden<\/td>\n<\/tr>\n<tr>\n<td class=\"xl63\" height=\"21\">F. Tun\u00e7 Bozbura<\/td>\n<td class=\"xl63\">Bah\u00e7e\u015fehir University, T\u00fcrkiye<\/td>\n<\/tr>\n<tr>\n<td class=\"xl63\" height=\"21\">Ferhan \u00c7ebi<\/td>\n<td class=\"xl63\">\u0130stanbul Technical University, T\u00fcrkiye<\/td>\n<\/tr>\n<tr>\n<td class=\"xl63\" height=\"21\">G\u00fcl T. Temur<\/td>\n<td class=\"xl63\">Bah\u00e7e\u015fehir University, T\u00fcrkiye<\/td>\n<\/tr>\n<tr>\n<td class=\"xl63\" height=\"21\">G\u00fclin \u0130dil Bolat\u00e1n<\/td>\n<td class=\"xl63\">Portland State University, USA<\/td>\n<\/tr>\n<tr>\n<td class=\"xl63\" height=\"21\">Hacer Ansal<\/td>\n<td class=\"xl63\">\u0130stanbul Technical University, T\u00fcrkiye (Retired)<\/td>\n<\/tr>\n<tr>\n<td class=\"xl63\" height=\"21\">Hakk\u0131 Okan Yelo\u011flu<\/td>\n<td class=\"xl63\">Ba\u015fkent University, T\u00fcrkiye<\/td>\n<\/tr>\n<tr>\n<td class=\"xl63\" height=\"21\">Hatice Camg\u00f6z Akda\u011f<\/td>\n<td class=\"xl63\">\u0130stanbul Technical University, T\u00fcrkiye<\/td>\n<\/tr>\n<tr>\n<td class=\"xl63\" height=\"21\">Hilmi Y\u00fcksel<\/td>\n<td class=\"xl63\">Dokuz Eyl\u00fcl University, T\u00fcrkiye<\/td>\n<\/tr>\n<tr>\n<td class=\"xl63\" height=\"21\">\u0130lker Murat Ar<\/td>\n<td class=\"xl63\">Republic of T\u00fcrkiye Ministry of Industry and Technology, General Directorate of Industry, T\u00fcrkiye<\/td>\n<\/tr>\n<tr>\n<td class=\"xl63\" height=\"21\">\u0130rem Dikmen Toker<\/td>\n<td class=\"xl63\">University of Reading, United Kingdom<\/td>\n<\/tr>\n<tr>\n<td class=\"xl63\" height=\"21\">Jbid Arsenyan<\/td>\n<td class=\"xl63\">Rennes School of Business, France<\/td>\n<\/tr>\n<tr>\n<td class=\"xl63\" height=\"21\">K. Sel\u00e7uk Tuzcuo\u011flu<\/td>\n<td class=\"xl63\">Bah\u00e7e\u015fehir University, T\u00fcrkiye<\/td>\n<\/tr>\n<tr>\n<td class=\"xl63\" height=\"21\">K\u00fcbra \u015eim\u015fek<\/td>\n<td class=\"xl63\">Abdullah G\u00fcl University, T\u00fcrkiye<\/td>\n<\/tr>\n<tr>\n<td class=\"xl63\" height=\"21\">Lerzan \u00d6zkale<\/td>\n<td class=\"xl63\">\u0130stanbul Technical University, T\u00fcrkiye (Retired)<\/td>\n<\/tr>\n<tr>\n<td class=\"xl63\" height=\"21\">Marina Dabi\u0107<\/td>\n<td class=\"xl63\">University of Zagreb, Croatia<\/td>\n<\/tr>\n<tr>\n<td class=\"xl63\" height=\"21\">Mine \u00d6m\u00fcrg\u00f6n\u00fcl\u015fen<\/td>\n<td class=\"xl63\">Hacettepe University, T\u00fcrkiye<\/td>\n<\/tr>\n<tr>\n<td class=\"xl63\" height=\"21\">Mosad Zineldin<\/td>\n<td class=\"xl63\">Linnaeus University, Sweden<\/td>\n<\/tr>\n<tr>\n<td class=\"xl63\" height=\"21\">Nata\u0161a Rup\u010di\u0107<\/td>\n<td class=\"xl63\">University of Rijeka, Croatia<\/td>\n<\/tr>\n<tr>\n<td class=\"xl63\" height=\"21\">Nihan Y\u0131ld\u0131r\u0131m<\/td>\n<td class=\"xl63\">\u0130stanbul Technical University, T\u00fcrkiye<\/td>\n<\/tr>\n<tr>\n<td class=\"xl63\" height=\"21\">Nuri Ba\u015fo\u011flu<\/td>\n<td class=\"xl63\">\u0130zmir Technology Institute, T\u00fcrkiye<\/td>\n<\/tr>\n<tr>\n<td class=\"xl63\" height=\"21\">\u00d6zalp Vayvay<\/td>\n<td class=\"xl63\">\u0130stanbul Health and Technology University, T\u00fcrkiye<\/td>\n<\/tr>\n<tr>\n<td class=\"xl63\" height=\"21\">\u00d6m\u00fcr Ya\u015far Saat\u00e7io\u011flu<\/td>\n<td class=\"xl63\">Dokuz Eyl\u00fcl University, T\u00fcrkiye<\/td>\n<\/tr>\n<tr>\n<td class=\"xl63\" height=\"21\">\u00d6nder Belgin<\/td>\n<td class=\"xl63\">Republic of T\u00fcrkiye Ministry of Industry and Technology, T\u00fcrkiye<\/td>\n<\/tr>\n<tr>\n<td class=\"xl63\" height=\"21\">Roya Javadpour<\/td>\n<td class=\"xl63\">Cal Poly University, USA<\/td>\n<\/tr>\n<tr>\n<td class=\"xl63\" height=\"21\">Sercan \u00d6zcan<\/td>\n<td class=\"xl63\">University of Portsmouth, UK<\/td>\n<\/tr>\n<tr>\n<td class=\"xl63\" height=\"21\">Seung Hun Han<\/td>\n<td class=\"xl63\">KAIST, South Korea<\/td>\n<\/tr>\n<tr>\n<td class=\"xl63\" height=\"21\">Simon Philbin<\/td>\n<td class=\"xl63\">Kingston University, United Kingdom<\/td>\n<\/tr>\n<tr>\n<td class=\"xl63\" height=\"21\">Sinan Erzurumlu<\/td>\n<td class=\"xl63\">Babson College, USA<\/td>\n<\/tr>\n<tr>\n<td class=\"xl63\" height=\"21\">S\u0131tk\u0131 G\u00f6zl\u00fc<\/td>\n<td class=\"xl63\">\u0130stanbul Technical University, T\u00fcrkiye (Retired)<\/td>\n<\/tr>\n<tr>\n<td class=\"xl63\" height=\"21\">Tankut Atan<\/td>\n<td class=\"xl63\">Bah\u00e7e\u015fehir University, T\u00fcrkiye<\/td>\n<\/tr>\n<tr>\n<td class=\"xl63\" height=\"21\">Timothy Kotnour<\/td>\n<td class=\"xl63\">University of Central Florida, USA<\/td>\n<\/tr>\n<tr>\n<td class=\"xl63\" height=\"21\">Tufan Vehbi Ko\u00e7<\/td>\n<td class=\"xl63\">\u0130stanbul Technical University, T\u00fcrkiye<\/td>\n<\/tr>\n<tr>\n<td class=\"xl63\" height=\"21\">Tu\u011fba Danac\u0131<\/td>\n<td class=\"xl63\">KTH Royal Institute of Technology, Sweden<\/td>\n<\/tr>\n<tr>\n<td class=\"xl63\" height=\"21\">Tu\u011frul Daim<\/td>\n<td class=\"xl63\">Portland State University, USA<\/td>\n<\/tr>\n<tr>\n<td class=\"xl63\" height=\"21\">T\u00fclay \u0130lhan Nas<\/td>\n<td class=\"xl63\">Essex University, UK<\/td>\n<\/tr>\n<tr>\n<td class=\"xl63\" height=\"21\">U\u011fur Soyta\u015f<\/td>\n<td class=\"xl63\">Technical University of Denmark, Denmark<\/td>\n<\/tr>\n<tr>\n<td class=\"xl63\" height=\"21\">Yaman \u00d6mer Erzurumlu<\/td>\n<td class=\"xl63\">Illinois State University, USA<\/td>\n<\/tr>\n<tr>\n<td class=\"xl63\" height=\"21\">Ye\u015fim Sireli<\/td>\n<td class=\"xl63\">University of North Carolina at Charlotte, USA<\/td>\n<\/tr>\n<tr>\n<td class=\"xl63\" height=\"21\">Y\u0131ld\u0131r\u0131m Omurtag<\/td>\n<td class=\"xl63\">Robert Morris University, USA<\/td>\n<\/tr>\n<\/tbody>\n<\/table>\n<p><img loading=\"lazy\" decoding=\"async\" class=\"aligncenter size-full wp-image-628\" src=\"http:\/\/etms.agu.edu.tr\/wp-content\/uploads\/2025\/04\/Screenshot-2025-04-08-at-15.58.15.png\" alt=\"\" width=\"2084\" height=\"374\" srcset=\"http:\/\/etms.agu.edu.tr\/wp-content\/uploads\/2025\/04\/Screenshot-2025-04-08-at-15.58.15.png 2084w, http:\/\/etms.agu.edu.tr\/wp-content\/uploads\/2025\/04\/Screenshot-2025-04-08-at-15.58.15-300x54.png 300w, http:\/\/etms.agu.edu.tr\/wp-content\/uploads\/2025\/04\/Screenshot-2025-04-08-at-15.58.15-1024x184.png 1024w, http:\/\/etms.agu.edu.tr\/wp-content\/uploads\/2025\/04\/Screenshot-2025-04-08-at-15.58.15-768x138.png 768w, http:\/\/etms.agu.edu.tr\/wp-content\/uploads\/2025\/04\/Screenshot-2025-04-08-at-15.58.15-1536x276.png 1536w, http:\/\/etms.agu.edu.tr\/wp-content\/uploads\/2025\/04\/Screenshot-2025-04-08-at-15.58.15-2048x368.png 2048w\" sizes=\"auto, (max-width: 2084px) 100vw, 2084px\" \/><\/p>\n","protected":false},"excerpt":{"rendered":"<p>Adil Oran Abdullah G\u00fcl University, T\u00fcrkiye Adnan \u00c7orum Bah\u00e7e\u015fehir University, T\u00fcrkiye Ahmet Beskese Bah\u00e7e\u015fehir University, T\u00fcrkiye Ali Fahmi University of Manchester, UK Ali \u0130hsan \u00d6zdemir Wittenborg University of Applied Sciences, Netherlands Alper \u00c7amc\u0131 Bah\u00e7e\u015fehir University, T\u00fcrkiye Arzu Karaman Akg\u00fcl [&hellip;]<\/p>\n","protected":false},"author":1,"featured_media":0,"parent":24,"menu_order":3,"comment_status":"closed","ping_status":"closed","template":"","meta":{"footnotes":""},"class_list":["post-90","page","type-page","status-publish","hentry"],"_links":{"self":[{"href":"http:\/\/etms.agu.edu.tr\/index.php\/wp-json\/wp\/v2\/pages\/90","targetHints":{"allow":["GET"]}}],"collection":[{"href":"http:\/\/etms.agu.edu.tr\/index.php\/wp-json\/wp\/v2\/pages"}],"about":[{"href":"http:\/\/etms.agu.edu.tr\/index.php\/wp-json\/wp\/v2\/types\/page"}],"author":[{"embeddable":true,"href":"http:\/\/etms.agu.edu.tr\/index.php\/wp-json\/wp\/v2\/users\/1"}],"replies":[{"embeddable":true,"href":"http:\/\/etms.agu.edu.tr\/index.php\/wp-json\/wp\/v2\/comments?post=90"}],"version-history":[{"count":33,"href":"http:\/\/etms.agu.edu.tr\/index.php\/wp-json\/wp\/v2\/pages\/90\/revisions"}],"predecessor-version":[{"id":687,"href":"http:\/\/etms.agu.edu.tr\/index.php\/wp-json\/wp\/v2\/pages\/90\/revisions\/687"}],"up":[{"embeddable":true,"href":"http:\/\/etms.agu.edu.tr\/index.php\/wp-json\/wp\/v2\/pages\/24"}],"wp:attachment":[{"href":"http:\/\/etms.agu.edu.tr\/index.php\/wp-json\/wp\/v2\/media?parent=90"}],"curies":[{"name":"wp","href":"https:\/\/api.w.org\/{rel}","templated":true}]}}