{"id":89,"date":"2025-03-12T14:06:00","date_gmt":"2025-03-12T14:06:00","guid":{"rendered":"http:\/\/etms.agu.edu.tr\/?page_id=89"},"modified":"2025-09-15T19:39:10","modified_gmt":"2025-09-15T19:39:10","slug":"organizing-committee-2","status":"publish","type":"page","link":"http:\/\/etms.agu.edu.tr\/index.php\/about\/organizing-committee-2\/","title":{"rendered":"Organizing Committee"},"content":{"rendered":"\r\n<p class=\"p1\"><b>Honorary Chair<\/b><b><\/b><\/p>\r\n<p class=\"p3\">Prof. Dr. Cengiz Y\u0131lmaz (AG\u00dc) &amp; Prof. Dr. S\u0131tk\u0131 G\u00f6zlu (\u0130T\u00dc)<\/p>\r\n<p class=\"p1\"><b>Co-Chairs:<\/b><b><\/b><\/p>\r\n<p class=\"p3\">Prof. Dr. Evren Mutlug\u00fcn (AG\u00dc) &amp; Prof. Dr. Ferhan \u00c7ebi (\u0130T\u00dc) &amp; Prof. Dr. F. Tun\u00e7 Bozbura (Bah\u00e7e\u015fehir University)<\/p>\r\n<p class=\"p1\"><b>Committee Members:<\/b><b><\/b><\/p>\r\n<p class=\"p3\">Prof. Dr. Erk Hac\u0131hasano\u011flu (AG\u00dc)<\/p>\r\n<p class=\"p3\">Prof. Dr. Ey\u00fcp Do\u011fan (AG\u00dc)<\/p>\r\n<p class=\"p3\">Prof. Dr. H\u00fcr Bersam Bolat (\u0130T\u00dc)<\/p>\r\n<p class=\"p3\">Assoc. Prof. Dr. Adil Oran (AG\u00dc)<\/p>\r\n<p class=\"p3\">Assoc. Prof. Dr. Adnan \u00c7orum (Bah\u00e7e\u015fehir University)<\/p>\r\n<p class=\"p3\">Assoc. Prof. Dr. Fatma Selen Madeno\u011flu (AG\u00dc)<\/p>\r\n<p class=\"p3\">Assoc. Prof. Dr. K\u00fcbra \u015eim\u015fek (AG\u00dc)<\/p>\r\n<p class=\"p3\">Assoc. Prof. Dr. Nihan Y\u0131ld\u0131r\u0131m (\u0130T\u00dc)<\/p>\r\n<p class=\"p3\">Assoc. Prof. Dr. R\u0131fat Kurban (AG\u00dc)<\/p>\r\n<p class=\"p3\">Asst. Prof. Dr. Burak Ka\u011fan Demirta\u015f (AG\u00dc)<\/p>\r\n<p>Asst. Prof. Dr. \u00d6mer Devrim Aksoyak (AG\u00dc)<\/p>\r\n<p class=\"p3\">Asst. Prof. Dr. Sel\u00e7uk Tuzcuo\u011flu (Bah\u00e7e\u015fehir University)<\/p>\r\n<p>Asst. Prof. Dr. Fatma \u015eener Fidan (AG\u00dc)<\/p>\r\n<p class=\"p3\">Research Assistant Ay\u015fenur Durak (AG\u00dc)<\/p>\r\n<p class=\"p3\">Research Assistant G\u00fclcan Do\u011fanay (AG\u00dc)<\/p>\r\n<p class=\"p3\">Research Assistant Nagehan K\u00f6se Aydos (AG\u00dc)<\/p>\r\n<p class=\"p3\">Research Assistant \u00d6mer Faruk \u00dcnl\u00fcsoy (AG\u00dc)<\/p>\r\n<p class=\"p3\">Dr. Ahmet Tezcan Tekin (\u0130T\u00dc)<\/p>\r\n<p class=\"p3\">Gizem Deniz C\u00f6mert (\u0130T\u00dc)<\/p>\r\n<p class=\"p3\">Elif Rosemarie Kara\u00e7al\u0131 (Sersim)<\/p>\r\n<p class=\"p3\">Feyzanur Y\u0131lmaz (TEI \u2013 TUSA\u015e Engine Industries, Inc.)<\/p>\r\n<p>Lect. Salih Yal\u00e7\u0131n (AG\u00dc)<\/p>\r\n<p>Lect. Solmaz \u015eebnem Severcan (AG\u00dc)<\/p>\r\n\r\n\r\n\r\n<p>&nbsp;<\/p>\r\n\r\n\r\n\r\n<p>&nbsp;<\/p>\r\n<p><img loading=\"lazy\" decoding=\"async\" class=\"aligncenter size-full wp-image-628\" src=\"http:\/\/etms.agu.edu.tr\/wp-content\/uploads\/2025\/04\/Screenshot-2025-04-08-at-15.58.15.png\" alt=\"\" width=\"2084\" height=\"374\" srcset=\"http:\/\/etms.agu.edu.tr\/wp-content\/uploads\/2025\/04\/Screenshot-2025-04-08-at-15.58.15.png 2084w, http:\/\/etms.agu.edu.tr\/wp-content\/uploads\/2025\/04\/Screenshot-2025-04-08-at-15.58.15-300x54.png 300w, http:\/\/etms.agu.edu.tr\/wp-content\/uploads\/2025\/04\/Screenshot-2025-04-08-at-15.58.15-1024x184.png 1024w, http:\/\/etms.agu.edu.tr\/wp-content\/uploads\/2025\/04\/Screenshot-2025-04-08-at-15.58.15-768x138.png 768w, http:\/\/etms.agu.edu.tr\/wp-content\/uploads\/2025\/04\/Screenshot-2025-04-08-at-15.58.15-1536x276.png 1536w, http:\/\/etms.agu.edu.tr\/wp-content\/uploads\/2025\/04\/Screenshot-2025-04-08-at-15.58.15-2048x368.png 2048w\" sizes=\"auto, (max-width: 2084px) 100vw, 2084px\" \/><\/p>\r\n","protected":false},"excerpt":{"rendered":"<p>Honorary Chair Prof. Dr. Cengiz Y\u0131lmaz (AG\u00dc) &amp; Prof. Dr. S\u0131tk\u0131 G\u00f6zlu (\u0130T\u00dc) Co-Chairs: Prof. Dr. Evren Mutlug\u00fcn (AG\u00dc) &amp; Prof. Dr. Ferhan \u00c7ebi (\u0130T\u00dc) &amp; Prof. Dr. F. Tun\u00e7 Bozbura (Bah\u00e7e\u015fehir University) Committee Members: Prof. Dr. Erk Hac\u0131hasano\u011flu [&hellip;]<\/p>\n","protected":false},"author":1,"featured_media":0,"parent":24,"menu_order":2,"comment_status":"closed","ping_status":"closed","template":"","meta":{"footnotes":""},"class_list":["post-89","page","type-page","status-publish","hentry"],"_links":{"self":[{"href":"http:\/\/etms.agu.edu.tr\/index.php\/wp-json\/wp\/v2\/pages\/89","targetHints":{"allow":["GET"]}}],"collection":[{"href":"http:\/\/etms.agu.edu.tr\/index.php\/wp-json\/wp\/v2\/pages"}],"about":[{"href":"http:\/\/etms.agu.edu.tr\/index.php\/wp-json\/wp\/v2\/types\/page"}],"author":[{"embeddable":true,"href":"http:\/\/etms.agu.edu.tr\/index.php\/wp-json\/wp\/v2\/users\/1"}],"replies":[{"embeddable":true,"href":"http:\/\/etms.agu.edu.tr\/index.php\/wp-json\/wp\/v2\/comments?post=89"}],"version-history":[{"count":16,"href":"http:\/\/etms.agu.edu.tr\/index.php\/wp-json\/wp\/v2\/pages\/89\/revisions"}],"predecessor-version":[{"id":696,"href":"http:\/\/etms.agu.edu.tr\/index.php\/wp-json\/wp\/v2\/pages\/89\/revisions\/696"}],"up":[{"embeddable":true,"href":"http:\/\/etms.agu.edu.tr\/index.php\/wp-json\/wp\/v2\/pages\/24"}],"wp:attachment":[{"href":"http:\/\/etms.agu.edu.tr\/index.php\/wp-json\/wp\/v2\/media?parent=89"}],"curies":[{"name":"wp","href":"https:\/\/api.w.org\/{rel}","templated":true}]}}