{"id":86,"date":"2025-03-12T14:06:00","date_gmt":"2025-03-12T14:06:00","guid":{"rendered":"http:\/\/etms.agu.edu.tr\/?page_id=86"},"modified":"2025-10-06T12:12:05","modified_gmt":"2025-10-06T12:12:05","slug":"publications","status":"publish","type":"page","link":"http:\/\/etms.agu.edu.tr\/index.php\/about\/publications\/","title":{"rendered":"Publications"},"content":{"rendered":"<p>Submitted abstracts or full papers, written either in Turkish or English, will be presented in the sessions organized based on the language of submission.<\/p>\n<p>All submissions will undergo a double-blind review process. Successful submissions will be accepted for oral presentations during the summit.<\/p>\n<p><strong>All accepted abstracts and full papers<\/strong> will be included in the conference proceedings, which will be published by <strong>\u0130T\u00dc Yay\u0131nevi.<\/strong><\/p>\n<p class=\"p1\"><b>Selected full papers <\/b>will have the opportunity to be published as book chapters by<b> Springer Verlag <\/b>in the<b> Lecture Notes in Networks and Systems series. <\/b>They will also have the opportunity to be published as articles in the peer-reviewed and nationally indexed<b> Journal of Productivity (Verimlilik Dergisi), <\/b>in the peer-reviewed <b>Journal of Construction Engineering, Management &amp; Innovation (JCEMI), <\/b>which is indexed in<b> TR Dizin <\/b>and<b> Web of Science (ESCI), <\/b>or in<b> Technology in Society, <\/b>a peer-reviewed journal indexed in <b>Scopus <\/b>and<b> SSCI.<\/b><\/p>\n<p>&nbsp;<\/p>\n<p><img loading=\"lazy\" decoding=\"async\" class=\"aligncenter size-full wp-image-628\" src=\"http:\/\/etms.agu.edu.tr\/wp-content\/uploads\/2025\/04\/Screenshot-2025-04-08-at-15.58.15.png\" alt=\"\" width=\"2084\" height=\"374\" srcset=\"http:\/\/etms.agu.edu.tr\/wp-content\/uploads\/2025\/04\/Screenshot-2025-04-08-at-15.58.15.png 2084w, http:\/\/etms.agu.edu.tr\/wp-content\/uploads\/2025\/04\/Screenshot-2025-04-08-at-15.58.15-300x54.png 300w, http:\/\/etms.agu.edu.tr\/wp-content\/uploads\/2025\/04\/Screenshot-2025-04-08-at-15.58.15-1024x184.png 1024w, http:\/\/etms.agu.edu.tr\/wp-content\/uploads\/2025\/04\/Screenshot-2025-04-08-at-15.58.15-768x138.png 768w, http:\/\/etms.agu.edu.tr\/wp-content\/uploads\/2025\/04\/Screenshot-2025-04-08-at-15.58.15-1536x276.png 1536w, http:\/\/etms.agu.edu.tr\/wp-content\/uploads\/2025\/04\/Screenshot-2025-04-08-at-15.58.15-2048x368.png 2048w\" sizes=\"auto, (max-width: 2084px) 100vw, 2084px\" \/><\/p>\n","protected":false},"excerpt":{"rendered":"<p>Submitted abstracts or full papers, written either in Turkish or English, will be presented in the sessions organized based on the language of submission. All submissions will undergo a double-blind review process. Successful submissions will be accepted for oral [&hellip;]<\/p>\n","protected":false},"author":1,"featured_media":0,"parent":24,"menu_order":1,"comment_status":"closed","ping_status":"closed","template":"","meta":{"footnotes":""},"class_list":["post-86","page","type-page","status-publish","hentry"],"_links":{"self":[{"href":"http:\/\/etms.agu.edu.tr\/index.php\/wp-json\/wp\/v2\/pages\/86","targetHints":{"allow":["GET"]}}],"collection":[{"href":"http:\/\/etms.agu.edu.tr\/index.php\/wp-json\/wp\/v2\/pages"}],"about":[{"href":"http:\/\/etms.agu.edu.tr\/index.php\/wp-json\/wp\/v2\/types\/page"}],"author":[{"embeddable":true,"href":"http:\/\/etms.agu.edu.tr\/index.php\/wp-json\/wp\/v2\/users\/1"}],"replies":[{"embeddable":true,"href":"http:\/\/etms.agu.edu.tr\/index.php\/wp-json\/wp\/v2\/comments?post=86"}],"version-history":[{"count":31,"href":"http:\/\/etms.agu.edu.tr\/index.php\/wp-json\/wp\/v2\/pages\/86\/revisions"}],"predecessor-version":[{"id":812,"href":"http:\/\/etms.agu.edu.tr\/index.php\/wp-json\/wp\/v2\/pages\/86\/revisions\/812"}],"up":[{"embeddable":true,"href":"http:\/\/etms.agu.edu.tr\/index.php\/wp-json\/wp\/v2\/pages\/24"}],"wp:attachment":[{"href":"http:\/\/etms.agu.edu.tr\/index.php\/wp-json\/wp\/v2\/media?parent=86"}],"curies":[{"name":"wp","href":"https:\/\/api.w.org\/{rel}","templated":true}]}}