{"id":746,"date":"2025-09-25T08:44:50","date_gmt":"2025-09-25T08:44:50","guid":{"rendered":"http:\/\/etms.agu.edu.tr\/?page_id=746"},"modified":"2025-10-07T11:48:37","modified_gmt":"2025-10-07T11:48:37","slug":"cappadocia-tour","status":"publish","type":"page","link":"http:\/\/etms.agu.edu.tr\/index.php\/cappadocia-tour\/","title":{"rendered":"Cappadocia Tour"},"content":{"rendered":"<h4 style=\"text-align: center;\"><span style=\"color: #003366;\">Day 3<\/span><\/h4>\n<p style=\"text-align: center;\"><img loading=\"lazy\" decoding=\"async\" class=\"size-medium wp-image-747 alignnone\" src=\"http:\/\/etms.agu.edu.tr\/wp-content\/uploads\/2025\/09\/IMG_1419-300x237.jpg\" alt=\"\" width=\"300\" height=\"237\" srcset=\"http:\/\/etms.agu.edu.tr\/wp-content\/uploads\/2025\/09\/IMG_1419-300x237.jpg 300w, http:\/\/etms.agu.edu.tr\/wp-content\/uploads\/2025\/09\/IMG_1419-1024x808.jpg 1024w, http:\/\/etms.agu.edu.tr\/wp-content\/uploads\/2025\/09\/IMG_1419-768x606.jpg 768w, http:\/\/etms.agu.edu.tr\/wp-content\/uploads\/2025\/09\/IMG_1419-1536x1212.jpg 1536w, http:\/\/etms.agu.edu.tr\/wp-content\/uploads\/2025\/09\/IMG_1419-2048x1617.jpg 2048w\" sizes=\"auto, (max-width: 300px) 100vw, 300px\" \/><\/p>\n<p class=\"p1\" style=\"text-align: center;\"><span class=\"s1\"><b>08:00<\/b><\/span> \u2013 Departure from Kayseri<\/p>\n<p class=\"p1\" style=\"text-align: center;\"><span class=\"s1\"><b>09:00<\/b><\/span> \u2013 Start of the tour with a professional guide<\/p>\n<p class=\"p1\" style=\"text-align: center;\"><span class=\"s1\"><b>09:15<\/b><\/span> \u2013 Imagination Valley (Devrent)<\/p>\n<p class=\"p1\" style=\"text-align: center;\"><span class=\"s1\"><b>09:40<\/b><\/span> \u2013 Pa\u015faba\u011f (Monks Valley)<\/p>\n<p class=\"p1\" style=\"text-align: center;\"><span class=\"s1\"><b>11:30<\/b><\/span> \u2013 \u00d6zkonak Underground City<\/p>\n<p class=\"p1\" style=\"text-align: center;\"><span class=\"s1\"><b>13:00<\/b><\/span> \u2013 Lunch at Uranus Restaurant in Avanos<\/p>\n<p class=\"p1\" style=\"text-align: center;\"><span class=\"s1\"><b>14:30<\/b><\/span> \u2013 Pottery workshop presentation<\/p>\n<p class=\"p1\" style=\"text-align: center;\"><span class=\"s1\"><b>15:15<\/b><\/span> \u2013 G\u00f6reme Panorama Viewpoint (tea\/coffee break)<\/p>\n<p class=\"p1\" style=\"text-align: center;\"><span class=\"s1\"><b>15:30<\/b><\/span> \u2013 U\u00e7hisar Castle<\/p>\n<p class=\"p1\" style=\"text-align: center;\"><span class=\"s1\"><b>16:00<\/b><\/span> \u2013 Pigeon Valley Tour<\/p>\n<p class=\"p1\" style=\"text-align: center;\"><span class=\"s1\"><b>17:30<\/b><\/span> \u2013 Return to Kayseri<\/p>\n<p>&nbsp;<\/p>\n<p style=\"text-align: center;\"><strong>2500 TL \/ person<\/strong><\/p>\n<p>&nbsp;<\/p>\n<p>&nbsp;<\/p>\n<h4 style=\"text-align: center;\"><span style=\"color: #003366;\">3. G\u00fcn<\/span><\/h4>\n<p><img loading=\"lazy\" decoding=\"async\" class=\"aligncenter size-medium wp-image-755\" src=\"http:\/\/etms.agu.edu.tr\/wp-content\/uploads\/2025\/09\/28F37184-347A-47B6-82B9-260FACC3E389-300x169.jpg\" alt=\"\" width=\"300\" height=\"169\" srcset=\"http:\/\/etms.agu.edu.tr\/wp-content\/uploads\/2025\/09\/28F37184-347A-47B6-82B9-260FACC3E389-300x169.jpg 300w, http:\/\/etms.agu.edu.tr\/wp-content\/uploads\/2025\/09\/28F37184-347A-47B6-82B9-260FACC3E389-1024x576.jpg 1024w, http:\/\/etms.agu.edu.tr\/wp-content\/uploads\/2025\/09\/28F37184-347A-47B6-82B9-260FACC3E389-768x432.jpg 768w, http:\/\/etms.agu.edu.tr\/wp-content\/uploads\/2025\/09\/28F37184-347A-47B6-82B9-260FACC3E389-1536x864.jpg 1536w, http:\/\/etms.agu.edu.tr\/wp-content\/uploads\/2025\/09\/28F37184-347A-47B6-82B9-260FACC3E389.jpg 1920w\" sizes=\"auto, (max-width: 300px) 100vw, 300px\" \/><\/p>\n<p class=\"p1\" style=\"text-align: center;\"><span class=\"s1\"><b>08:00<\/b><\/span> \u2013 Kayseri\u2019den hareket<\/p>\n<p class=\"p1\" style=\"text-align: center;\"><span class=\"s1\"><b>09:00<\/b><\/span> \u2013 Profesyonel rehber e\u015fli\u011finde turun ba\u015flamas\u0131<\/p>\n<p class=\"p1\" style=\"text-align: center;\"><span class=\"s1\"><b>09:15<\/b><\/span> \u2013 Hayal Vadisi (Devrent)<\/p>\n<p class=\"p1\" style=\"text-align: center;\"><span class=\"s1\"><b>09:40<\/b><\/span> \u2013 Pa\u015faba\u011flar<\/p>\n<p class=\"p1\" style=\"text-align: center;\"><span class=\"s1\"><b>11:30<\/b><\/span> \u2013 \u00d6zkonak Yeralt\u0131 \u015eehri<\/p>\n<p class=\"p1\" style=\"text-align: center;\"><span class=\"s1\"><b>13:00<\/b><\/span> \u2013 Avanos\u2019ta Uran\u00fcs Restoran\u2019da \u00f6\u011fle yeme\u011fi<\/p>\n<p class=\"p1\" style=\"text-align: center;\"><span class=\"s1\"><b>14:30<\/b><\/span> \u2013 \u00c7anak \u00e7\u00f6mlek at\u00f6lye sunumu<\/p>\n<p class=\"p1\" style=\"text-align: center;\"><span class=\"s1\"><b>15:15<\/b><\/span> \u2013 G\u00f6reme Panorama Seyir Tepesi (\u00e7ay\/kahve molas\u0131)<\/p>\n<p class=\"p1\" style=\"text-align: center;\"><span class=\"s1\"><b>15:30<\/b><\/span> \u2013 U\u00e7hisar Kalesi<\/p>\n<p class=\"p1\" style=\"text-align: center;\"><span class=\"s1\"><b>16:00<\/b><\/span> \u2013 G\u00fcvercinlik Vadisi Gezisi<\/p>\n<p class=\"p1\" style=\"text-align: center;\"><span class=\"s1\"><b>17:30<\/b><\/span> \u2013 Kayseri\u2019ye d\u00f6n\u00fc\u015f<\/p>\n<p>&nbsp;<\/p>\n<p style=\"text-align: center;\"><strong>Ki\u015fi ba\u015f\u0131 2500 TL<\/strong><\/p>\n<p>&nbsp;<\/p>\n<p><img loading=\"lazy\" decoding=\"async\" class=\"aligncenter size-full wp-image-628\" src=\"http:\/\/etms.agu.edu.tr\/wp-content\/uploads\/2025\/04\/Screenshot-2025-04-08-at-15.58.15.png\" alt=\"\" width=\"2084\" height=\"374\" srcset=\"http:\/\/etms.agu.edu.tr\/wp-content\/uploads\/2025\/04\/Screenshot-2025-04-08-at-15.58.15.png 2084w, http:\/\/etms.agu.edu.tr\/wp-content\/uploads\/2025\/04\/Screenshot-2025-04-08-at-15.58.15-300x54.png 300w, http:\/\/etms.agu.edu.tr\/wp-content\/uploads\/2025\/04\/Screenshot-2025-04-08-at-15.58.15-1024x184.png 1024w, http:\/\/etms.agu.edu.tr\/wp-content\/uploads\/2025\/04\/Screenshot-2025-04-08-at-15.58.15-768x138.png 768w, http:\/\/etms.agu.edu.tr\/wp-content\/uploads\/2025\/04\/Screenshot-2025-04-08-at-15.58.15-1536x276.png 1536w, http:\/\/etms.agu.edu.tr\/wp-content\/uploads\/2025\/04\/Screenshot-2025-04-08-at-15.58.15-2048x368.png 2048w\" sizes=\"auto, (max-width: 2084px) 100vw, 2084px\" \/><\/p>\n","protected":false},"excerpt":{"rendered":"<p>Day 3 08:00 \u2013 Departure from Kayseri 09:00 \u2013 Start of the tour with a professional guide 09:15 \u2013 Imagination Valley (Devrent) 09:40 \u2013 Pa\u015faba\u011f (Monks Valley) 11:30 \u2013 \u00d6zkonak Underground City 13:00 \u2013 Lunch at Uranus Restaurant in [&hellip;]<\/p>\n","protected":false},"author":1,"featured_media":0,"parent":0,"menu_order":0,"comment_status":"closed","ping_status":"closed","template":"","meta":{"footnotes":""},"class_list":["post-746","page","type-page","status-publish","hentry"],"_links":{"self":[{"href":"http:\/\/etms.agu.edu.tr\/index.php\/wp-json\/wp\/v2\/pages\/746","targetHints":{"allow":["GET"]}}],"collection":[{"href":"http:\/\/etms.agu.edu.tr\/index.php\/wp-json\/wp\/v2\/pages"}],"about":[{"href":"http:\/\/etms.agu.edu.tr\/index.php\/wp-json\/wp\/v2\/types\/page"}],"author":[{"embeddable":true,"href":"http:\/\/etms.agu.edu.tr\/index.php\/wp-json\/wp\/v2\/users\/1"}],"replies":[{"embeddable":true,"href":"http:\/\/etms.agu.edu.tr\/index.php\/wp-json\/wp\/v2\/comments?post=746"}],"version-history":[{"count":10,"href":"http:\/\/etms.agu.edu.tr\/index.php\/wp-json\/wp\/v2\/pages\/746\/revisions"}],"predecessor-version":[{"id":824,"href":"http:\/\/etms.agu.edu.tr\/index.php\/wp-json\/wp\/v2\/pages\/746\/revisions\/824"}],"wp:attachment":[{"href":"http:\/\/etms.agu.edu.tr\/index.php\/wp-json\/wp\/v2\/media?parent=746"}],"curies":[{"name":"wp","href":"https:\/\/api.w.org\/{rel}","templated":true}]}}