{"id":728,"date":"2025-09-24T13:59:54","date_gmt":"2025-09-24T13:59:54","guid":{"rendered":"http:\/\/etms.agu.edu.tr\/?page_id=728"},"modified":"2025-10-14T11:14:29","modified_gmt":"2025-10-14T11:14:29","slug":"panels","status":"publish","type":"page","link":"http:\/\/etms.agu.edu.tr\/index.php\/symposium-process\/panels\/","title":{"rendered":"Panels"},"content":{"rendered":"<h4 style=\"text-align: center;\"><strong><span style=\"color: #003366;\">PANEL &#8211; 1<\/span><\/strong><\/h4>\n<p>&nbsp;<\/p>\n<p><img loading=\"lazy\" decoding=\"async\" class=\"aligncenter wp-image-789\" src=\"http:\/\/etms.agu.edu.tr\/wp-content\/uploads\/2025\/10\/Screenshot-2025-10-01-at-10.43.03.png\" alt=\"\" width=\"860\" height=\"852\" srcset=\"http:\/\/etms.agu.edu.tr\/wp-content\/uploads\/2025\/10\/Screenshot-2025-10-01-at-10.43.03.png 1436w, http:\/\/etms.agu.edu.tr\/wp-content\/uploads\/2025\/10\/Screenshot-2025-10-01-at-10.43.03-300x297.png 300w, http:\/\/etms.agu.edu.tr\/wp-content\/uploads\/2025\/10\/Screenshot-2025-10-01-at-10.43.03-1024x1015.png 1024w, http:\/\/etms.agu.edu.tr\/wp-content\/uploads\/2025\/10\/Screenshot-2025-10-01-at-10.43.03-150x150.png 150w, http:\/\/etms.agu.edu.tr\/wp-content\/uploads\/2025\/10\/Screenshot-2025-10-01-at-10.43.03-768x761.png 768w\" sizes=\"auto, (max-width: 860px) 100vw, 860px\" \/><\/p>\n<p style=\"text-align: center;\"><em><strong>Moderator<\/strong><\/em><\/p>\n<p style=\"text-align: center;\"><strong>Assoc. Prof. Nihan Y\u0131ld\u0131r\u0131m<\/strong><\/p>\n<p style=\"font-weight: 400; text-align: center;\">Associate Professor, Department of Management Engineering, Istanbul Technical University (ITU)<\/p>\n<p style=\"font-weight: 400; text-align: center;\"><em><strong>Panelists<\/strong><\/em><\/p>\n<p style=\"font-weight: 400; text-align: center;\"><strong>Prof. Yudith Cardinale<\/strong><\/p>\n<p style=\"font-weight: 400; text-align: center;\">Professor, Valencia International University (VIU)<\/p>\n<p style=\"font-weight: 400; text-align: center;\">Director, ESenCIA Center<\/p>\n<p style=\"font-weight: 400; text-align: center;\"><strong>Assoc. Prof. Emrah Acar<\/strong><\/p>\n<p style=\"font-weight: 400; text-align: center;\">Associate Professor, Department of Architecture, Istanbul Technical University (ITU)<\/p>\n<p style=\"font-weight: 400; text-align: center;\">EELISA European University ITU Project Manager<\/p>\n<p style=\"font-weight: 400; text-align: center;\">Director, ITU Centre of Excellence in Education<\/p>\n<p style=\"font-weight: 400; text-align: center;\"><strong>Asst. Prof. \u00d6mer Devrim Aksoyak<\/strong><\/p>\n<p style=\"font-weight: 400; text-align: center;\">Assistant Professor, Department of Architecture, Abdullah G\u00fcl University (AGU)<\/p>\n<p style=\"text-align: center;\">*Note: This panel will be held in English*<\/p>\n<p>&nbsp;<\/p>\n<h4 style=\"text-align: center;\"><strong><span style=\"color: #003366;\">PANEL &#8211; 2<\/span><\/strong><\/h4>\n<p><a href=\"http:\/\/etms.agu.edu.tr\/index.php\/symposium-process\/panels\/screenshot-2025-10-07-at-09-17-58\/\" rel=\"attachment wp-att-822\"><img loading=\"lazy\" decoding=\"async\" class=\"aligncenter wp-image-822\" src=\"http:\/\/etms.agu.edu.tr\/wp-content\/uploads\/2025\/10\/Screenshot-2025-10-07-at-09.17.58-e1760341760106-1024x978.png\" alt=\"\" width=\"860\" height=\"821\" srcset=\"http:\/\/etms.agu.edu.tr\/wp-content\/uploads\/2025\/10\/Screenshot-2025-10-07-at-09.17.58-e1760341760106-1024x978.png 1024w, http:\/\/etms.agu.edu.tr\/wp-content\/uploads\/2025\/10\/Screenshot-2025-10-07-at-09.17.58-e1760341760106-300x287.png 300w, http:\/\/etms.agu.edu.tr\/wp-content\/uploads\/2025\/10\/Screenshot-2025-10-07-at-09.17.58-e1760341760106-768x734.png 768w, http:\/\/etms.agu.edu.tr\/wp-content\/uploads\/2025\/10\/Screenshot-2025-10-07-at-09.17.58-e1760341760106.png 1426w\" sizes=\"auto, (max-width: 860px) 100vw, 860px\" \/><\/a><\/p>\n<p style=\"text-align: center;\"><em><strong>Moderator<\/strong><\/em><\/p>\n<p style=\"text-align: center;\"><strong>Assoc. Prof. Adil Oran<\/strong><\/p>\n<p style=\"font-weight: 400; text-align: center;\">Associate Professor, Department of Business Administration, Abdullah G\u00fcl University (AGU)<\/p>\n<p style=\"font-weight: 400; text-align: center;\"><em><strong>Panelists<\/strong><\/em><\/p>\n<p style=\"font-weight: 400; text-align: center;\"><strong>Assoc. Prof. P\u0131nar B\u00fcy\u00fckbalc\u0131<\/strong><\/p>\n<p style=\"font-weight: 400; text-align: center;\">Associate Professor, Department of Business Administration, Y\u0131ld\u0131z Technical University<\/p>\n<p style=\"font-weight: 400; text-align: center;\"><strong>Dr. A. Mete \u00c7akmakc\u0131<\/strong><\/p>\n<p style=\"font-weight: 400; text-align: center;\">Innovation Strategist, Tech Finance Expert, Ecosystem Builder<\/p>\n<p style=\"font-weight: 400; text-align: center;\"><strong>K\u0131v\u0131lc\u0131m \u00c7ayl\u0131<\/strong><\/p>\n<p style=\"font-weight: 400; text-align: center;\">Private Equity &amp; Venture Capital Expert, Consultant, Investor, Published Author<\/p>\n<p style=\"text-align: center;\">*Note: This panel will be held in Turkish*<\/p>\n<p>&nbsp;<\/p>\n<h4 style=\"text-align: center;\"><strong><span style=\"color: #003366;\">PANEL &#8211; 3<\/span><\/strong><\/h4>\n<p><a href=\"http:\/\/etms.agu.edu.tr\/index.php\/symposium-process\/panels\/screenshot-2025-10-14-at-12-28-54\/\" rel=\"attachment wp-att-868\"><img loading=\"lazy\" decoding=\"async\" class=\"aligncenter wp-image-868\" src=\"http:\/\/etms.agu.edu.tr\/wp-content\/uploads\/2025\/10\/Screenshot-2025-10-14-at-12.28.54-1024x1010.png\" alt=\"\" width=\"860\" height=\"848\" srcset=\"http:\/\/etms.agu.edu.tr\/wp-content\/uploads\/2025\/10\/Screenshot-2025-10-14-at-12.28.54-1024x1010.png 1024w, http:\/\/etms.agu.edu.tr\/wp-content\/uploads\/2025\/10\/Screenshot-2025-10-14-at-12.28.54-300x296.png 300w, http:\/\/etms.agu.edu.tr\/wp-content\/uploads\/2025\/10\/Screenshot-2025-10-14-at-12.28.54-768x757.png 768w, http:\/\/etms.agu.edu.tr\/wp-content\/uploads\/2025\/10\/Screenshot-2025-10-14-at-12.28.54.png 1238w\" sizes=\"auto, (max-width: 860px) 100vw, 860px\" \/><\/a><\/p>\n<p style=\"text-align: center;\"><em><strong>Moderator<\/strong><\/em><\/p>\n<p style=\"text-align: center;\"><strong>Prof. Evren Mutlug\u00fcn<\/strong><\/p>\n<p class=\"p1\" style=\"text-align: center;\">Vice Rector (Research), Dean of Faculty of Engineering,<\/p>\n<p class=\"p1\" style=\"text-align: center;\">Department of Electrical \u2013 Electronics Engineering, Abdullah G\u00fcl University (AG\u00dc)<\/p>\n<p style=\"font-weight: 400; text-align: center;\"><em><strong>Panelists<\/strong><\/em><\/p>\n<p style=\"font-weight: 400; text-align: center;\"><strong>Ali \u00dcnl\u00fct\u00fcrk<\/strong><\/p>\n<p class=\"p1\" style=\"text-align: center;\">Deputy General Manager \u2013 Production &amp; Technology, Mega Metal<\/p>\n<p style=\"font-weight: 400; text-align: center;\"><strong>Elif Rosemarie Kara\u00e7al\u0131<\/strong><\/p>\n<p class=\"p1\" style=\"text-align: center;\">Strategy &amp; Business Development Director, Executive Committee<\/p>\n<p class=\"p1\" style=\"text-align: center;\">Member, Head of Sustainability, Sersim<\/p>\n<p style=\"font-weight: 400; text-align: center;\"><strong>Mehmet Emre Kara<\/strong><\/p>\n<p class=\"p1\" style=\"text-align: center;\">Strategy &amp; Operations Director, KPMG Turkey<\/p>\n<p style=\"text-align: center;\">*Note: This panel will be held in Turkish*<\/p>\n<p>&nbsp;<\/p>\n<p><img loading=\"lazy\" decoding=\"async\" class=\"aligncenter size-full wp-image-628\" src=\"http:\/\/etms.agu.edu.tr\/wp-content\/uploads\/2025\/04\/Screenshot-2025-04-08-at-15.58.15.png\" alt=\"\" width=\"2084\" height=\"374\" srcset=\"http:\/\/etms.agu.edu.tr\/wp-content\/uploads\/2025\/04\/Screenshot-2025-04-08-at-15.58.15.png 2084w, http:\/\/etms.agu.edu.tr\/wp-content\/uploads\/2025\/04\/Screenshot-2025-04-08-at-15.58.15-300x54.png 300w, http:\/\/etms.agu.edu.tr\/wp-content\/uploads\/2025\/04\/Screenshot-2025-04-08-at-15.58.15-1024x184.png 1024w, http:\/\/etms.agu.edu.tr\/wp-content\/uploads\/2025\/04\/Screenshot-2025-04-08-at-15.58.15-768x138.png 768w, http:\/\/etms.agu.edu.tr\/wp-content\/uploads\/2025\/04\/Screenshot-2025-04-08-at-15.58.15-1536x276.png 1536w, http:\/\/etms.agu.edu.tr\/wp-content\/uploads\/2025\/04\/Screenshot-2025-04-08-at-15.58.15-2048x368.png 2048w\" sizes=\"auto, (max-width: 2084px) 100vw, 2084px\" \/><\/p>\n","protected":false},"excerpt":{"rendered":"<p>PANEL &#8211; 1 &nbsp; Moderator Assoc. Prof. Nihan Y\u0131ld\u0131r\u0131m Associate Professor, Department of Management Engineering, Istanbul Technical University (ITU) Panelists Prof. Yudith Cardinale Professor, Valencia International University (VIU) Director, ESenCIA Center Assoc. Prof. Emrah Acar Associate Professor, Department of [&hellip;]<\/p>\n","protected":false},"author":1,"featured_media":0,"parent":664,"menu_order":2,"comment_status":"closed","ping_status":"closed","template":"","meta":{"footnotes":""},"class_list":["post-728","page","type-page","status-publish","hentry"],"_links":{"self":[{"href":"http:\/\/etms.agu.edu.tr\/index.php\/wp-json\/wp\/v2\/pages\/728","targetHints":{"allow":["GET"]}}],"collection":[{"href":"http:\/\/etms.agu.edu.tr\/index.php\/wp-json\/wp\/v2\/pages"}],"about":[{"href":"http:\/\/etms.agu.edu.tr\/index.php\/wp-json\/wp\/v2\/types\/page"}],"author":[{"embeddable":true,"href":"http:\/\/etms.agu.edu.tr\/index.php\/wp-json\/wp\/v2\/users\/1"}],"replies":[{"embeddable":true,"href":"http:\/\/etms.agu.edu.tr\/index.php\/wp-json\/wp\/v2\/comments?post=728"}],"version-history":[{"count":26,"href":"http:\/\/etms.agu.edu.tr\/index.php\/wp-json\/wp\/v2\/pages\/728\/revisions"}],"predecessor-version":[{"id":877,"href":"http:\/\/etms.agu.edu.tr\/index.php\/wp-json\/wp\/v2\/pages\/728\/revisions\/877"}],"up":[{"embeddable":true,"href":"http:\/\/etms.agu.edu.tr\/index.php\/wp-json\/wp\/v2\/pages\/664"}],"wp:attachment":[{"href":"http:\/\/etms.agu.edu.tr\/index.php\/wp-json\/wp\/v2\/media?parent=728"}],"curies":[{"name":"wp","href":"https:\/\/api.w.org\/{rel}","templated":true}]}}