{"id":416,"date":"2025-03-20T19:58:40","date_gmt":"2025-03-20T19:58:40","guid":{"rendered":"http:\/\/etms.agu.edu.tr\/?page_id=416"},"modified":"2025-10-06T12:10:17","modified_gmt":"2025-10-06T12:10:17","slug":"etms-agu-edu-tr","status":"publish","type":"page","link":"http:\/\/etms.agu.edu.tr\/","title":{"rendered":"Welcome"},"content":{"rendered":"<p style=\"text-align: center;\"><div id=\"metaslider-id-476\" style=\"width: 100%;\" class=\"ml-slider-3-97-0 metaslider metaslider-flex metaslider-476 ml-slider ms-theme-default-base has-dots-nav\" role=\"region\" aria-roledescription=\"Slideshow\" aria-label=\"New Slideshow\" data-width=\"1299\">\n    <div id=\"metaslider_container_476\">\n        <div id=\"metaslider_476\">\n            <ul class='slides'>\n                <li style=\"display: block; width: 100%;\" class=\"slide-502 ms-image \" aria-roledescription=\"slide\" aria-label=\"slide-502\" data-date=\"2025-03-21 15:23:57\"><img loading=\"lazy\" decoding=\"async\" src=\"http:\/\/etms.agu.edu.tr\/wp-content\/uploads\/2025\/03\/Screenshot-2025-03-17-at-12.22.01-1299x600.png\" height=\"600\" width=\"1299\" alt=\"\" class=\"slider-476 slide-502\" \/><\/li>\n                <li style=\"display: none; width: 100%;\" class=\"slide-555 ms-image \" aria-roledescription=\"slide\" aria-label=\"slide-555\" data-date=\"2025-03-22 11:31:07\"><img loading=\"lazy\" decoding=\"async\" src=\"http:\/\/etms.agu.edu.tr\/wp-content\/uploads\/2025\/03\/Sumer-Campus-1299x600.png\" height=\"600\" width=\"1299\" alt=\"\" class=\"slider-476 slide-555\" \/><\/li>\n            <\/ul>\n        <\/div>\n        \n    <\/div>\n<\/div><\/p>\n<p style=\"text-align: center;\"><img loading=\"lazy\" decoding=\"async\" class=\"aligncenter size-full wp-image-414\" src=\"http:\/\/etms.agu.edu.tr\/wp-content\/uploads\/2025\/03\/Adsiz-400-x-250-piksel-400-x-150-piksel-2.gif\" alt=\"\" width=\"800\" height=\"300\" \/><\/p>\n<p style=\"text-align: center;\"><strong>7<sup>th <\/sup>INTERNATIONAL ENGINEERING AND TECHNOLOGY MANAGEMENT SUMMIT<\/strong><br \/>\n<strong>October 23-25, 2025 | Abdullah G\u00fcl University, Kayseri, T\u00fcrkiye<\/strong><\/p>\n<p>&nbsp;<\/p>\n<p style=\"text-align: center;\">We are delighted to announce the <strong>7<sup>th<\/sup> International Engineering and Technology Management Summit (ETMS 2025)<\/strong>, hosted by <strong>Abdullah G\u00fcl University<\/strong> in collaboration with <strong>\u0130stanbul Technical University <\/strong>and <strong>Bah\u00e7e\u015fehir University<\/strong>. This esteemed academic event will take place at <strong>Abdullah G\u00fcl University S\u00fcmer Campus in Kayseri, T\u00fcrkiye<\/strong>, on <strong>October 23-25, 2025<\/strong>.<\/p>\n<p>&nbsp;<\/p>\n<p style=\"font-weight: 400; text-align: center;\"><strong>Theme: Engineering and Technology Management Tomorrow \u2013 AI, Humanity, and Sustainability in Harmony<\/strong><\/p>\n<p>&nbsp;<\/p>\n<p style=\"text-align: center;\"><img loading=\"lazy\" decoding=\"async\" class=\"aligncenter wp-image-645 size-large\" src=\"http:\/\/etms.agu.edu.tr\/wp-content\/uploads\/2025\/05\/2-724x1024.png\" alt=\"\" width=\"724\" height=\"1024\" srcset=\"http:\/\/etms.agu.edu.tr\/wp-content\/uploads\/2025\/05\/2-724x1024.png 724w, http:\/\/etms.agu.edu.tr\/wp-content\/uploads\/2025\/05\/2-212x300.png 212w, http:\/\/etms.agu.edu.tr\/wp-content\/uploads\/2025\/05\/2-768x1086.png 768w, http:\/\/etms.agu.edu.tr\/wp-content\/uploads\/2025\/05\/2-1086x1536.png 1086w, http:\/\/etms.agu.edu.tr\/wp-content\/uploads\/2025\/05\/2.png 1414w\" sizes=\"auto, (max-width: 724px) 100vw, 724px\" \/><\/p>\n<p>&nbsp;<\/p>\n<p style=\"font-weight: 400; text-align: center;\">As AI continues to revolutionize industries and societies, the need for <strong>sustainable and human-centric engineering management<\/strong> has become more critical than ever. ETMS 2025 will explore <strong>the intersection of AI, humanity, and sustainability<\/strong>, addressing both challenges and opportunities within technology, management, and society. The summit will foster discussions on innovative strategies for integrating AI while ensuring that ethical, environmental, and societal considerations remain at the core of engineering and technology management.<\/p>\n<p>&nbsp;<\/p>\n<p style=\"font-weight: 400; text-align: center;\"><strong>Call for Contributions<\/strong><\/p>\n<p style=\"font-weight: 400; text-align: center;\">We invite academics, researchers, professionals, and students to submit original research papers and actively participate in discussions on key topics.<\/p>\n<p>&nbsp;<\/p>\n<p style=\"font-weight: 400; text-align: center;\"><strong>Submission &amp; Participation<\/strong><\/p>\n<p style=\"font-weight: 400; text-align: center;\">The summit will offer <strong>both in-person and virtual participation<\/strong> through online platforms.<\/p>\n<p style=\"text-align: center;\"><strong>All accepted abstracts and full papers<\/strong> will be included in the conference proceedings, which will be published by <strong>\u0130T\u00dc Yay\u0131nevi.<\/strong><\/p>\n<div>\n<p class=\"p1\" style=\"text-align: center;\"><b>Selected full papers <\/b>will have the opportunity to be published as<b> book chapters by Springer Verlag in the Lecture Notes in Networks and Systems series.<\/b><\/p>\n<p class=\"p1\" style=\"text-align: center;\">They will also have the opportunity to be published as articles in the peer-reviewed and nationally indexed <b>Journal of Productivity (Verimlilik Dergisi), <\/b>in the peer-reviewed<b> Journal of Construction Engineering, Management &amp; Innovation (JCEMI), <\/b>which is indexed in<b> TR Dizin <\/b>and<b> Web of Science (ESCI), <\/b>or in<b> Technology in Society,<\/b> a peer-reviewed journal indexed in<b> Scopus <\/b>and<b> SSCI.<\/b><\/p>\n<\/div>\n<p style=\"font-weight: 400; text-align: center;\">Join us in Kayseri, T\u00fcrkiye, for an engaging exchange of cutting-edge ideas and pioneering discussions at ETMS 2025!<\/p>\n<p>&nbsp;<\/p>\n<p style=\"font-weight: 400; text-align: center;\"><strong>Kind regards,<\/strong><\/p>\n<p style=\"font-weight: 400; text-align: center;\"><strong>ETMS 2025 Organization Committee<\/strong><\/p>\n<p>&nbsp;<\/p>\n<p>&nbsp;<\/p>\n<p>&nbsp;<\/p>\n<p>&nbsp;<\/p>\n<p>&nbsp;<\/p>\n<p><img loading=\"lazy\" decoding=\"async\" class=\"aligncenter size-full wp-image-628\" src=\"http:\/\/etms.agu.edu.tr\/wp-content\/uploads\/2025\/04\/Screenshot-2025-04-08-at-15.58.15.png\" alt=\"\" width=\"2084\" height=\"374\" srcset=\"http:\/\/etms.agu.edu.tr\/wp-content\/uploads\/2025\/04\/Screenshot-2025-04-08-at-15.58.15.png 2084w, http:\/\/etms.agu.edu.tr\/wp-content\/uploads\/2025\/04\/Screenshot-2025-04-08-at-15.58.15-300x54.png 300w, http:\/\/etms.agu.edu.tr\/wp-content\/uploads\/2025\/04\/Screenshot-2025-04-08-at-15.58.15-1024x184.png 1024w, http:\/\/etms.agu.edu.tr\/wp-content\/uploads\/2025\/04\/Screenshot-2025-04-08-at-15.58.15-768x138.png 768w, http:\/\/etms.agu.edu.tr\/wp-content\/uploads\/2025\/04\/Screenshot-2025-04-08-at-15.58.15-1536x276.png 1536w, http:\/\/etms.agu.edu.tr\/wp-content\/uploads\/2025\/04\/Screenshot-2025-04-08-at-15.58.15-2048x368.png 2048w\" sizes=\"auto, (max-width: 2084px) 100vw, 2084px\" \/><\/p>\n","protected":false},"excerpt":{"rendered":"<p>7th INTERNATIONAL ENGINEERING AND TECHNOLOGY MANAGEMENT SUMMIT October 23-25, 2025 | Abdullah G\u00fcl University, Kayseri, T\u00fcrkiye &nbsp; We are delighted to announce the 7th International Engineering and Technology Management Summit (ETMS 2025), hosted by Abdullah G\u00fcl University in collaboration [&hellip;]<\/p>\n","protected":false},"author":1,"featured_media":0,"parent":0,"menu_order":1,"comment_status":"closed","ping_status":"closed","template":"","meta":{"footnotes":""},"class_list":["post-416","page","type-page","status-publish","hentry"],"_links":{"self":[{"href":"http:\/\/etms.agu.edu.tr\/index.php\/wp-json\/wp\/v2\/pages\/416","targetHints":{"allow":["GET"]}}],"collection":[{"href":"http:\/\/etms.agu.edu.tr\/index.php\/wp-json\/wp\/v2\/pages"}],"about":[{"href":"http:\/\/etms.agu.edu.tr\/index.php\/wp-json\/wp\/v2\/types\/page"}],"author":[{"embeddable":true,"href":"http:\/\/etms.agu.edu.tr\/index.php\/wp-json\/wp\/v2\/users\/1"}],"replies":[{"embeddable":true,"href":"http:\/\/etms.agu.edu.tr\/index.php\/wp-json\/wp\/v2\/comments?post=416"}],"version-history":[{"count":51,"href":"http:\/\/etms.agu.edu.tr\/index.php\/wp-json\/wp\/v2\/pages\/416\/revisions"}],"predecessor-version":[{"id":811,"href":"http:\/\/etms.agu.edu.tr\/index.php\/wp-json\/wp\/v2\/pages\/416\/revisions\/811"}],"wp:attachment":[{"href":"http:\/\/etms.agu.edu.tr\/index.php\/wp-json\/wp\/v2\/media?parent=416"}],"curies":[{"name":"wp","href":"https:\/\/api.w.org\/{rel}","templated":true}]}}