{"id":24,"date":"2025-03-12T10:42:23","date_gmt":"2025-03-12T10:42:23","guid":{"rendered":"http:\/\/etms.agu.edu.tr\/?page_id=24"},"modified":"2025-04-16T18:38:51","modified_gmt":"2025-04-16T18:38:51","slug":"about","status":"publish","type":"page","link":"http:\/\/etms.agu.edu.tr\/index.php\/about\/","title":{"rendered":"About"},"content":{"rendered":"\r\n<p style=\"font-weight: 400;\">Since its inception in 2018, the <strong>Engineering &amp; Technology Management Summit (ETMS)<\/strong> has been a premier <strong>academic and international event<\/strong> jointly organized by <strong>\u0130stanbul Technical University (\u0130T\u00dc)<\/strong> and <strong>Bah\u00e7e\u015fehir University (BAU)<\/strong>. The summit brings together <strong>academics, researchers, professionals, and students<\/strong> to exchange knowledge, research insights, and best practices in engineering and technology management.<\/p>\r\n<p>&nbsp;<\/p>\r\n<p style=\"font-weight: 400; text-align: left;\"><strong>ETMS Evolution Over the Years:<\/strong><\/p>\r\n<p style=\"font-weight: 400; text-align: left;\"><strong>ETMS 2018 &amp; 2019:<\/strong> Hosted at \u0130T\u00dc and BAU.<\/p>\r\n<p style=\"font-weight: 400; text-align: left;\"><strong>ETMS 2020:<\/strong> Canceled due to the COVID-19 pandemic.<\/p>\r\n<p style=\"font-weight: 400; text-align: left;\"><strong>ETMS 2021:<\/strong> Held as a fully virtual event, supported by the American Society for Engineering Management (ASEM).<\/p>\r\n<p style=\"font-weight: 400; text-align: left;\"><strong>ETMS 2022:<\/strong> Organized as a hybrid event in \u0130stanbul, T\u00fcrkiye, in collaboration with ASEM and Poznan Technical University (Politechnika Pozna\u0144ska). A digital book featuring selected papers was later published by Nobel Publishing.<\/p>\r\n<p style=\"font-weight: 400; text-align: left;\"><strong>ETMS 2023:<\/strong> Again, held in \u0130stanbul in a hybrid format, with selected papers published by Springer Verlag.<\/p>\r\n<p style=\"font-weight: 400; text-align: left;\"><strong>ETMS 2024:<\/strong> Hosted by Ba\u015fkent University in Ankara.<\/p>\r\n<p>&nbsp;<\/p>\r\n<p>&nbsp;<\/p>\r\n<p>&nbsp;<\/p>\r\n<p>&nbsp;<\/p>\r\n<p>&nbsp;<\/p>\r\n<p>&nbsp;<\/p>\r\n<p><img loading=\"lazy\" decoding=\"async\" class=\"aligncenter size-full wp-image-628\" src=\"http:\/\/etms.agu.edu.tr\/wp-content\/uploads\/2025\/04\/Screenshot-2025-04-08-at-15.58.15.png\" alt=\"\" width=\"2084\" height=\"374\" srcset=\"http:\/\/etms.agu.edu.tr\/wp-content\/uploads\/2025\/04\/Screenshot-2025-04-08-at-15.58.15.png 2084w, http:\/\/etms.agu.edu.tr\/wp-content\/uploads\/2025\/04\/Screenshot-2025-04-08-at-15.58.15-300x54.png 300w, http:\/\/etms.agu.edu.tr\/wp-content\/uploads\/2025\/04\/Screenshot-2025-04-08-at-15.58.15-1024x184.png 1024w, http:\/\/etms.agu.edu.tr\/wp-content\/uploads\/2025\/04\/Screenshot-2025-04-08-at-15.58.15-768x138.png 768w, http:\/\/etms.agu.edu.tr\/wp-content\/uploads\/2025\/04\/Screenshot-2025-04-08-at-15.58.15-1536x276.png 1536w, http:\/\/etms.agu.edu.tr\/wp-content\/uploads\/2025\/04\/Screenshot-2025-04-08-at-15.58.15-2048x368.png 2048w\" sizes=\"auto, (max-width: 2084px) 100vw, 2084px\" \/><\/p>\r\n","protected":false},"excerpt":{"rendered":"<p>Since its inception in 2018, the Engineering &amp; Technology Management Summit (ETMS) has been a premier academic and international event jointly organized by \u0130stanbul Technical University (\u0130T\u00dc) and Bah\u00e7e\u015fehir University (BAU). The summit brings together academics, researchers, professionals, and [&hellip;]<\/p>\n","protected":false},"author":1,"featured_media":0,"parent":0,"menu_order":2,"comment_status":"closed","ping_status":"closed","template":"","meta":{"footnotes":""},"class_list":["post-24","page","type-page","status-publish","hentry"],"_links":{"self":[{"href":"http:\/\/etms.agu.edu.tr\/index.php\/wp-json\/wp\/v2\/pages\/24","targetHints":{"allow":["GET"]}}],"collection":[{"href":"http:\/\/etms.agu.edu.tr\/index.php\/wp-json\/wp\/v2\/pages"}],"about":[{"href":"http:\/\/etms.agu.edu.tr\/index.php\/wp-json\/wp\/v2\/types\/page"}],"author":[{"embeddable":true,"href":"http:\/\/etms.agu.edu.tr\/index.php\/wp-json\/wp\/v2\/users\/1"}],"replies":[{"embeddable":true,"href":"http:\/\/etms.agu.edu.tr\/index.php\/wp-json\/wp\/v2\/comments?post=24"}],"version-history":[{"count":12,"href":"http:\/\/etms.agu.edu.tr\/index.php\/wp-json\/wp\/v2\/pages\/24\/revisions"}],"predecessor-version":[{"id":630,"href":"http:\/\/etms.agu.edu.tr\/index.php\/wp-json\/wp\/v2\/pages\/24\/revisions\/630"}],"wp:attachment":[{"href":"http:\/\/etms.agu.edu.tr\/index.php\/wp-json\/wp\/v2\/media?parent=24"}],"curies":[{"name":"wp","href":"https:\/\/api.w.org\/{rel}","templated":true}]}}