{"id":141,"date":"2025-03-12T19:13:55","date_gmt":"2025-03-12T19:13:55","guid":{"rendered":"http:\/\/etms.agu.edu.tr\/?page_id=141"},"modified":"2025-10-07T12:17:22","modified_gmt":"2025-10-07T12:17:22","slug":"registration-2","status":"publish","type":"page","link":"http:\/\/etms.agu.edu.tr\/index.php\/registration-2\/","title":{"rendered":"Registration"},"content":{"rendered":"<p>Please enter your name, affiliation and e-mail in the link given below. The links to the sessions will be sent to your emails.<\/p>\n<p><a href=\"https:\/\/forms.gle\/ZL6tTE3UY1NMMau36\">https:\/\/forms.gle\/ZL6tTE3UY1NMMau36<\/a><\/p>\n<p>&nbsp;<\/p>\n<table style=\"font-weight: 200;\">\n<tbody>\n<tr>\n<td width=\"101\"><strong>Participant<\/strong><\/td>\n<td width=\"101\"><strong>Early Bird Registration <\/strong><\/p>\n<p><strong>Before<\/strong><\/p>\n<p><strong>September 26<\/strong><\/td>\n<td width=\"101\"><strong>Regular Registration<\/strong><\/p>\n<p><strong>Until<\/strong><\/p>\n<p><strong>October 23<\/strong><\/td>\n<\/tr>\n<tr>\n<td width=\"101\"><strong>Academia and Industry<\/strong><\/td>\n<td width=\"101\">3000 TL<\/td>\n<td width=\"101\">3600 TL<\/td>\n<\/tr>\n<tr>\n<td width=\"101\"><strong>Student<\/strong><\/td>\n<td width=\"101\">1500 TL<\/td>\n<td width=\"101\">1800 TL<\/td>\n<\/tr>\n<tr>\n<td width=\"101\"><strong>Foreign Participant<\/strong><\/td>\n<td width=\"101\">150 Euro<\/td>\n<td width=\"101\">200 Euro<\/td>\n<\/tr>\n<tr>\n<td width=\"101\"><strong>Online Participation <\/strong><\/td>\n<td width=\"101\">1750 TL<\/td>\n<td width=\"101\">2100 TL<\/td>\n<\/tr>\n<tr>\n<td width=\"101\"><strong>Foreign Participant (Online) <\/strong><\/td>\n<td width=\"101\">75 Euro<\/td>\n<td width=\"101\">100 Euro<\/td>\n<\/tr>\n<\/tbody>\n<\/table>\n<p><span style=\"color: #ff0000;\"><strong>All attendees, including listeners, are required to register and pay the participation fee according to their category.<\/strong><\/span><\/p>\n<p style=\"font-weight: 200;\"><span style=\"color: #000000;\"><strong>Full Registration Fee Includes:<\/strong><\/span><\/p>\n<p style=\"font-weight: 200;\">The opportunity to present up to<strong> two papers<\/strong><\/p>\n<p style=\"font-weight: 200;\">Publication of abstracts\/full papers in the <strong><span style=\"color: #000000;\">ETMS2025 Proceedings Book<\/span><\/strong><\/p>\n<p style=\"font-weight: 200;\">Certificate of Presentation\/Attendance<\/p>\n<p style=\"font-weight: 200;\">Full access to all sessions<\/p>\n<p style=\"font-weight: 200;\">Lunches and coffee break refreshments during the summit<\/p>\n<p style=\"font-weight: 200;\">Gala Dinner<\/p>\n<p style=\"font-weight: 200;\">Attendee package<\/p>\n<p>&nbsp;<\/p>\n<p style=\"font-weight: 400;\"><span style=\"color: #000000;\"><strong>Online Registration Fee Includes:<\/strong><\/span><\/p>\n<p style=\"font-weight: 200;\">The opportunity to present <strong>one paper<\/strong><\/p>\n<p style=\"font-weight: 200;\">Publication of abstracts\/full papers in the<strong> ETMS2025 Proceedings Book<\/strong><\/p>\n<p style=\"font-weight: 200;\">Certificate of Presentation\/Attendance<\/p>\n<p style=\"font-weight: 200;\">Access to the online sessions<\/p>\n<p>&nbsp;<\/p>\n<p><span style=\"color: #000000;\"><strong>At least one of the authors of each accepted paper must register for the summit!<\/strong><\/span><\/p>\n<p>&nbsp;<\/p>\n<table style=\"font-weight: 400;\" width=\"645\">\n<tbody>\n<tr>\n<td colspan=\"2\" width=\"645\"><strong>BANK ACCOUNT DETAILS<\/strong><\/td>\n<\/tr>\n<tr>\n<td width=\"236\"><strong>RECIPIENT NAME<\/strong><\/td>\n<td width=\"409\">ABDULLAH GU\u0308L U\u0308NI\u0307VERSI\u0307TESI\u0307 TEKNOLOJI\u0307 TRANSFER OFI\u0307SI\u0307 ANONI\u0307M \u015e\u0130RKET\u0130<\/td>\n<\/tr>\n<tr>\n<td width=\"236\"><strong>TRY IBAN<\/strong><\/td>\n<td width=\"409\">TR81 0001 5001 5800 7308 2579 41<\/td>\n<\/tr>\n<tr>\n<td width=\"236\"><strong>EUR IBAN<\/strong><\/td>\n<td width=\"409\">TR67 0001 5001 5804 8018 0485 13<\/td>\n<\/tr>\n<tr>\n<td width=\"236\"><strong>BANK BRANCH<\/strong><\/td>\n<td width=\"409\">VAKIFBANK- D\u00dcVEN\u00d6N\u00dc\/KAYSER\u0130<\/td>\n<\/tr>\n<tr>\n<td width=\"236\"><strong>SWIFT CODE<\/strong><\/td>\n<td width=\"409\">TVBATR2A<\/td>\n<\/tr>\n<\/tbody>\n<\/table>\n<p>&nbsp;<\/p>\n<p>&nbsp;<\/p>\n<p><img loading=\"lazy\" decoding=\"async\" class=\"aligncenter size-full wp-image-628\" src=\"http:\/\/etms.agu.edu.tr\/wp-content\/uploads\/2025\/04\/Screenshot-2025-04-08-at-15.58.15.png\" alt=\"\" width=\"2084\" height=\"374\" srcset=\"http:\/\/etms.agu.edu.tr\/wp-content\/uploads\/2025\/04\/Screenshot-2025-04-08-at-15.58.15.png 2084w, http:\/\/etms.agu.edu.tr\/wp-content\/uploads\/2025\/04\/Screenshot-2025-04-08-at-15.58.15-300x54.png 300w, http:\/\/etms.agu.edu.tr\/wp-content\/uploads\/2025\/04\/Screenshot-2025-04-08-at-15.58.15-1024x184.png 1024w, http:\/\/etms.agu.edu.tr\/wp-content\/uploads\/2025\/04\/Screenshot-2025-04-08-at-15.58.15-768x138.png 768w, http:\/\/etms.agu.edu.tr\/wp-content\/uploads\/2025\/04\/Screenshot-2025-04-08-at-15.58.15-1536x276.png 1536w, http:\/\/etms.agu.edu.tr\/wp-content\/uploads\/2025\/04\/Screenshot-2025-04-08-at-15.58.15-2048x368.png 2048w\" sizes=\"auto, (max-width: 2084px) 100vw, 2084px\" \/><\/p>\n","protected":false},"excerpt":{"rendered":"<p>Please enter your name, affiliation and e-mail in the link given below. The links to the sessions will be sent to your emails. https:\/\/forms.gle\/ZL6tTE3UY1NMMau36 &nbsp; Participant Early Bird Registration Before September 26 Regular Registration Until October 23 Academia and [&hellip;]<\/p>\n","protected":false},"author":1,"featured_media":0,"parent":0,"menu_order":0,"comment_status":"closed","ping_status":"closed","template":"","meta":{"footnotes":""},"class_list":["post-141","page","type-page","status-publish","hentry"],"_links":{"self":[{"href":"http:\/\/etms.agu.edu.tr\/index.php\/wp-json\/wp\/v2\/pages\/141","targetHints":{"allow":["GET"]}}],"collection":[{"href":"http:\/\/etms.agu.edu.tr\/index.php\/wp-json\/wp\/v2\/pages"}],"about":[{"href":"http:\/\/etms.agu.edu.tr\/index.php\/wp-json\/wp\/v2\/types\/page"}],"author":[{"embeddable":true,"href":"http:\/\/etms.agu.edu.tr\/index.php\/wp-json\/wp\/v2\/users\/1"}],"replies":[{"embeddable":true,"href":"http:\/\/etms.agu.edu.tr\/index.php\/wp-json\/wp\/v2\/comments?post=141"}],"version-history":[{"count":19,"href":"http:\/\/etms.agu.edu.tr\/index.php\/wp-json\/wp\/v2\/pages\/141\/revisions"}],"predecessor-version":[{"id":825,"href":"http:\/\/etms.agu.edu.tr\/index.php\/wp-json\/wp\/v2\/pages\/141\/revisions\/825"}],"wp:attachment":[{"href":"http:\/\/etms.agu.edu.tr\/index.php\/wp-json\/wp\/v2\/media?parent=141"}],"curies":[{"name":"wp","href":"https:\/\/api.w.org\/{rel}","templated":true}]}}